{"id":844,"date":"2020-03-22T19:13:18","date_gmt":"2020-03-22T19:13:18","guid":{"rendered":"https:\/\/www.marcelakozak.art\/?page_id=844"},"modified":"2021-06-04T06:49:48","modified_gmt":"2021-06-04T06:49:48","slug":"odebirat-newsletter","status":"publish","type":"page","link":"https:\/\/www.marcelakozak.art\/index.php\/odebirat-newsletter\/","title":{"rendered":"Newsletter"},"content":{"rendered":"\n<h3 class=\"wp-block-heading\">P\u0159ihla\u0161te se k odeb\u00edr\u00e1n\u00ed newsletteru.<\/h3>\n\n\n\n<h4 class=\"wp-block-heading\">Novinky z na\u0161\u00ed galerie budete v\u011bd\u011bt jako prvn\u00ed.<\/h4>\n\n\n\n<div class=\"wpforms-container wpforms-container-full\" id=\"wpforms-841\"><form id=\"wpforms-form-841\" class=\"wpforms-validate wpforms-form\" data-formid=\"841\" method=\"post\" enctype=\"multipart\/form-data\" action=\"\/index.php\/wp-json\/wp\/v2\/pages\/844\" data-token=\"5b444530f8943e392f357eebb023de7e\"><noscript class=\"wpforms-error-noscript\">Chcete-li vyplnit tento formul\u00e1\u0159, pros\u00edm povolte v prohl\u00ed\u017ee\u010di JavaScript.<\/noscript><div class=\"wpforms-field-container\"><div id=\"wpforms-841-field_0-container\" class=\"wpforms-field wpforms-field-name\" data-field-id=\"0\"><label class=\"wpforms-field-label\" for=\"wpforms-841-field_0\">Jm\u00e9no a p\u0159\u00edjmen\u00ed <span class=\"wpforms-required-label\">*<\/span><\/label><input type=\"text\" id=\"wpforms-841-field_0\" class=\"wpforms-field-medium wpforms-field-required\" name=\"wpforms[fields][0]\" required><\/div><div id=\"wpforms-841-field_1-container\" class=\"wpforms-field wpforms-field-email\" data-field-id=\"1\"><label class=\"wpforms-field-label\" for=\"wpforms-841-field_1\">E-mail <span class=\"wpforms-required-label\">*<\/span><\/label><input type=\"email\" id=\"wpforms-841-field_1\" class=\"wpforms-field-medium wpforms-field-required\" name=\"wpforms[fields][1]\" spellcheck=\"false\" required><\/div><\/div><!-- .wpforms-field-container --><div class=\"wpforms-field wpforms-field-hp\"><label for=\"wpforms-841-field-hp\" class=\"wpforms-field-label\">Message<\/label><input type=\"text\" name=\"wpforms[hp]\" id=\"wpforms-841-field-hp\" class=\"wpforms-field-medium\"><\/div><div class=\"wpforms-submit-container\" ><input type=\"hidden\" name=\"wpforms[id]\" value=\"841\"><input type=\"hidden\" name=\"wpforms[author]\" value=\"1\"><button type=\"submit\" name=\"wpforms[submit]\" id=\"wpforms-submit-841\" class=\"wpforms-submit\" data-alt-text=\"Odes\u00edl\u00e1n\u00ed...\" data-submit-text=\"Odeslat\" aria-live=\"assertive\" value=\"wpforms-submit\">Odeslat<\/button><\/div><\/form><\/div>  <!-- .wpforms-container -->\n","protected":false},"excerpt":{"rendered":"<p>P\u0159ihla\u0161te se k odeb\u00edr\u00e1n\u00ed newsletteru. Novinky z na\u0161\u00ed galerie budete v\u011bd\u011bt jako prvn\u00ed.<\/p>\n","protected":false},"author":1,"featured_media":0,"parent":0,"menu_order":0,"comment_status":"closed","ping_status":"closed","template":"","meta":{"footnotes":""},"yoast_head":"<!-- This site is optimized with the Yoast SEO plugin v21.8 - https:\/\/yoast.com\/wordpress\/plugins\/seo\/ -->\n<title>Newsletter - Marcela Kozak Art<\/title>\n<meta name=\"robots\" content=\"index, follow, max-snippet:-1, max-image-preview:large, max-video-preview:-1\" \/>\n<link rel=\"canonical\" href=\"https:\/\/www.marcelakozak.art\/index.php\/odebirat-newsletter\/\" \/>\n<meta property=\"og:locale\" content=\"cs_CZ\" \/>\n<meta property=\"og:type\" content=\"article\" \/>\n<meta property=\"og:title\" content=\"Newsletter - Marcela Kozak Art\" \/>\n<meta property=\"og:description\" content=\"P\u0159ihla\u0161te se k odeb\u00edr\u00e1n\u00ed newsletteru. Novinky z na\u0161\u00ed galerie budete v\u011bd\u011bt jako prvn\u00ed.\" \/>\n<meta property=\"og:url\" content=\"https:\/\/www.marcelakozak.art\/index.php\/odebirat-newsletter\/\" \/>\n<meta property=\"og:site_name\" content=\"Marcela Kozak Art\" \/>\n<meta property=\"article:modified_time\" content=\"2021-06-04T06:49:48+00:00\" \/>\n<meta name=\"twitter:card\" content=\"summary_large_image\" \/>\n<meta name=\"twitter:label1\" content=\"Odhadovan\u00e1 doba \u010dten\u00ed\" \/>\n\t<meta name=\"twitter:data1\" content=\"1 minuta\" \/>\n<script type=\"application\/ld+json\" class=\"yoast-schema-graph\">{\"@context\":\"https:\/\/schema.org\",\"@graph\":[{\"@type\":\"WebPage\",\"@id\":\"https:\/\/www.marcelakozak.art\/index.php\/odebirat-newsletter\/\",\"url\":\"https:\/\/www.marcelakozak.art\/index.php\/odebirat-newsletter\/\",\"name\":\"Newsletter - Marcela Kozak Art\",\"isPartOf\":{\"@id\":\"https:\/\/www.marcelakozak.art\/#website\"},\"datePublished\":\"2020-03-22T19:13:18+00:00\",\"dateModified\":\"2021-06-04T06:49:48+00:00\",\"breadcrumb\":{\"@id\":\"https:\/\/www.marcelakozak.art\/index.php\/odebirat-newsletter\/#breadcrumb\"},\"inLanguage\":\"cs\",\"potentialAction\":[{\"@type\":\"ReadAction\",\"target\":[\"https:\/\/www.marcelakozak.art\/index.php\/odebirat-newsletter\/\"]}]},{\"@type\":\"BreadcrumbList\",\"@id\":\"https:\/\/www.marcelakozak.art\/index.php\/odebirat-newsletter\/#breadcrumb\",\"itemListElement\":[{\"@type\":\"ListItem\",\"position\":1,\"name\":\"Dom\u016f\",\"item\":\"https:\/\/www.marcelakozak.art\/\"},{\"@type\":\"ListItem\",\"position\":2,\"name\":\"Newsletter\"}]},{\"@type\":\"WebSite\",\"@id\":\"https:\/\/www.marcelakozak.art\/#website\",\"url\":\"https:\/\/www.marcelakozak.art\/\",\"name\":\"Marcela Kozak Art\",\"description\":\"origin\u00e1ln\u00ed obrazy\",\"potentialAction\":[{\"@type\":\"SearchAction\",\"target\":{\"@type\":\"EntryPoint\",\"urlTemplate\":\"https:\/\/www.marcelakozak.art\/?s={search_term_string}\"},\"query-input\":\"required name=search_term_string\"}],\"inLanguage\":\"cs\"}]}<\/script>\n<!-- \/ Yoast SEO plugin. -->","yoast_head_json":{"title":"Newsletter - Marcela Kozak Art","robots":{"index":"index","follow":"follow","max-snippet":"max-snippet:-1","max-image-preview":"max-image-preview:large","max-video-preview":"max-video-preview:-1"},"canonical":"https:\/\/www.marcelakozak.art\/index.php\/odebirat-newsletter\/","og_locale":"cs_CZ","og_type":"article","og_title":"Newsletter - Marcela Kozak Art","og_description":"P\u0159ihla\u0161te se k odeb\u00edr\u00e1n\u00ed newsletteru. Novinky z na\u0161\u00ed galerie budete v\u011bd\u011bt jako prvn\u00ed.","og_url":"https:\/\/www.marcelakozak.art\/index.php\/odebirat-newsletter\/","og_site_name":"Marcela Kozak Art","article_modified_time":"2021-06-04T06:49:48+00:00","twitter_card":"summary_large_image","twitter_misc":{"Odhadovan\u00e1 doba \u010dten\u00ed":"1 minuta"},"schema":{"@context":"https:\/\/schema.org","@graph":[{"@type":"WebPage","@id":"https:\/\/www.marcelakozak.art\/index.php\/odebirat-newsletter\/","url":"https:\/\/www.marcelakozak.art\/index.php\/odebirat-newsletter\/","name":"Newsletter - Marcela Kozak Art","isPartOf":{"@id":"https:\/\/www.marcelakozak.art\/#website"},"datePublished":"2020-03-22T19:13:18+00:00","dateModified":"2021-06-04T06:49:48+00:00","breadcrumb":{"@id":"https:\/\/www.marcelakozak.art\/index.php\/odebirat-newsletter\/#breadcrumb"},"inLanguage":"cs","potentialAction":[{"@type":"ReadAction","target":["https:\/\/www.marcelakozak.art\/index.php\/odebirat-newsletter\/"]}]},{"@type":"BreadcrumbList","@id":"https:\/\/www.marcelakozak.art\/index.php\/odebirat-newsletter\/#breadcrumb","itemListElement":[{"@type":"ListItem","position":1,"name":"Dom\u016f","item":"https:\/\/www.marcelakozak.art\/"},{"@type":"ListItem","position":2,"name":"Newsletter"}]},{"@type":"WebSite","@id":"https:\/\/www.marcelakozak.art\/#website","url":"https:\/\/www.marcelakozak.art\/","name":"Marcela Kozak Art","description":"origin\u00e1ln\u00ed obrazy","potentialAction":[{"@type":"SearchAction","target":{"@type":"EntryPoint","urlTemplate":"https:\/\/www.marcelakozak.art\/?s={search_term_string}"},"query-input":"required name=search_term_string"}],"inLanguage":"cs"}]}},"_links":{"self":[{"href":"https:\/\/www.marcelakozak.art\/index.php\/wp-json\/wp\/v2\/pages\/844"}],"collection":[{"href":"https:\/\/www.marcelakozak.art\/index.php\/wp-json\/wp\/v2\/pages"}],"about":[{"href":"https:\/\/www.marcelakozak.art\/index.php\/wp-json\/wp\/v2\/types\/page"}],"author":[{"embeddable":true,"href":"https:\/\/www.marcelakozak.art\/index.php\/wp-json\/wp\/v2\/users\/1"}],"replies":[{"embeddable":true,"href":"https:\/\/www.marcelakozak.art\/index.php\/wp-json\/wp\/v2\/comments?post=844"}],"version-history":[{"count":8,"href":"https:\/\/www.marcelakozak.art\/index.php\/wp-json\/wp\/v2\/pages\/844\/revisions"}],"predecessor-version":[{"id":856,"href":"https:\/\/www.marcelakozak.art\/index.php\/wp-json\/wp\/v2\/pages\/844\/revisions\/856"}],"wp:attachment":[{"href":"https:\/\/www.marcelakozak.art\/index.php\/wp-json\/wp\/v2\/media?parent=844"}],"curies":[{"name":"wp","href":"https:\/\/api.w.org\/{rel}","templated":true}]}}