{"id":1366,"date":"2024-01-07T17:55:21","date_gmt":"2024-01-07T17:55:21","guid":{"rendered":"https:\/\/www.marcelakozak.art\/?post_type=product&#038;p=1366"},"modified":"2024-08-30T14:01:59","modified_gmt":"2024-08-30T14:01:59","slug":"bohemian-country","status":"publish","type":"product","link":"https:\/\/www.marcelakozak.art\/index.php\/produkt\/bohemian-country\/","title":{"rendered":"PROD\u00c1NO &#8211; Boh\u00e9msk\u00fd venkov, Bohemian Country"},"content":{"rendered":"","protected":false},"excerpt":{"rendered":"<p>Marcela Koz\u00e1kov\u00e1<br \/>\nvelikost 130 x 70 (\u0160 x V)<br \/>\ntechnika: akrylov\u00e1 malba<br \/>\npo\u0161tovn\u00e9 a baln\u00e9 v cen\u011b (\u010cR)<br \/>\nvr\u00e1cen\u00ed d\u00edla v 14 denn\u00ed lh\u016ft\u011b<br \/>\nd\u00edlo si m\u016f\u017eete p\u0159ed koup\u00ed osobn\u011b prohl\u00e9dnout<\/p>\n","protected":false},"featured_media":1364,"template":"","meta":[],"product_cat":[50,47,52,43,27,25,44,53,48],"product_tag":[],"yoast_head":"<!-- This site is optimized with the Yoast SEO plugin v21.8 - https:\/\/yoast.com\/wordpress\/plugins\/seo\/ -->\n<title>PROD\u00c1NO - Boh\u00e9msk\u00fd venkov, Bohemian Country - Marcela Kozak Art<\/title>\n<meta name=\"robots\" content=\"index, follow, max-snippet:-1, max-image-preview:large, max-video-preview:-1\" \/>\n<link rel=\"canonical\" href=\"https:\/\/www.marcelakozak.art\/index.php\/produkt\/bohemian-country\/\" \/>\n<meta property=\"og:locale\" content=\"cs_CZ\" \/>\n<meta property=\"og:type\" content=\"article\" \/>\n<meta property=\"og:title\" content=\"PROD\u00c1NO - Boh\u00e9msk\u00fd venkov, Bohemian Country - Marcela Kozak Art\" \/>\n<meta property=\"og:description\" content=\"Marcela Koz\u00e1kov\u00e1 velikost 130 x 70 (\u0160 x V) technika: akrylov\u00e1 malba po\u0161tovn\u00e9 a baln\u00e9 v cen\u011b (\u010cR) vr\u00e1cen\u00ed d\u00edla v 14 denn\u00ed lh\u016ft\u011b d\u00edlo si m\u016f\u017eete p\u0159ed koup\u00ed osobn\u011b prohl\u00e9dnout\" \/>\n<meta property=\"og:url\" content=\"https:\/\/www.marcelakozak.art\/index.php\/produkt\/bohemian-country\/\" \/>\n<meta property=\"og:site_name\" content=\"Marcela Kozak Art\" \/>\n<meta property=\"article:modified_time\" content=\"2024-08-30T14:01:59+00:00\" \/>\n<meta property=\"og:image\" content=\"https:\/\/www.marcelakozak.art\/wp-content\/uploads\/2024\/01\/obrazy_marcela_kozakova_art_cz-2.jpeg\" \/>\n\t<meta property=\"og:image:width\" content=\"1914\" \/>\n\t<meta property=\"og:image:height\" content=\"1013\" \/>\n\t<meta property=\"og:image:type\" content=\"image\/jpeg\" \/>\n<meta name=\"twitter:card\" content=\"summary_large_image\" \/>\n<meta name=\"twitter:label1\" content=\"Odhadovan\u00e1 doba \u010dten\u00ed\" \/>\n\t<meta name=\"twitter:data1\" content=\"1 minuta\" \/>\n<script type=\"application\/ld+json\" class=\"yoast-schema-graph\">{\"@context\":\"https:\/\/schema.org\",\"@graph\":[{\"@type\":\"WebPage\",\"@id\":\"https:\/\/www.marcelakozak.art\/index.php\/produkt\/bohemian-country\/\",\"url\":\"https:\/\/www.marcelakozak.art\/index.php\/produkt\/bohemian-country\/\",\"name\":\"PROD\u00c1NO - Boh\u00e9msk\u00fd venkov, Bohemian Country - Marcela Kozak Art\",\"isPartOf\":{\"@id\":\"https:\/\/www.marcelakozak.art\/#website\"},\"datePublished\":\"2024-01-07T17:55:21+00:00\",\"dateModified\":\"2024-08-30T14:01:59+00:00\",\"breadcrumb\":{\"@id\":\"https:\/\/www.marcelakozak.art\/index.php\/produkt\/bohemian-country\/#breadcrumb\"},\"inLanguage\":\"cs\",\"potentialAction\":[{\"@type\":\"ReadAction\",\"target\":[\"https:\/\/www.marcelakozak.art\/index.php\/produkt\/bohemian-country\/\"]}]},{\"@type\":\"BreadcrumbList\",\"@id\":\"https:\/\/www.marcelakozak.art\/index.php\/produkt\/bohemian-country\/#breadcrumb\",\"itemListElement\":[{\"@type\":\"ListItem\",\"position\":1,\"name\":\"Dom\u016f\",\"item\":\"https:\/\/www.marcelakozak.art\/\"},{\"@type\":\"ListItem\",\"position\":2,\"name\":\"Obchod\",\"item\":\"https:\/\/www.marcelakozak.art\/index.php\/obchod\/\"},{\"@type\":\"ListItem\",\"position\":3,\"name\":\"PROD\u00c1NO &#8211; Boh\u00e9msk\u00fd venkov, Bohemian Country\"}]},{\"@type\":\"WebSite\",\"@id\":\"https:\/\/www.marcelakozak.art\/#website\",\"url\":\"https:\/\/www.marcelakozak.art\/\",\"name\":\"Marcela Kozak Art\",\"description\":\"origin\u00e1ln\u00ed obrazy\",\"potentialAction\":[{\"@type\":\"SearchAction\",\"target\":{\"@type\":\"EntryPoint\",\"urlTemplate\":\"https:\/\/www.marcelakozak.art\/?s={search_term_string}\"},\"query-input\":\"required name=search_term_string\"}],\"inLanguage\":\"cs\"}]}<\/script>\n<!-- \/ Yoast SEO plugin. -->","yoast_head_json":{"title":"PROD\u00c1NO - Boh\u00e9msk\u00fd venkov, Bohemian Country - Marcela Kozak Art","robots":{"index":"index","follow":"follow","max-snippet":"max-snippet:-1","max-image-preview":"max-image-preview:large","max-video-preview":"max-video-preview:-1"},"canonical":"https:\/\/www.marcelakozak.art\/index.php\/produkt\/bohemian-country\/","og_locale":"cs_CZ","og_type":"article","og_title":"PROD\u00c1NO - Boh\u00e9msk\u00fd venkov, Bohemian Country - Marcela Kozak Art","og_description":"Marcela Koz\u00e1kov\u00e1 velikost 130 x 70 (\u0160 x V) technika: akrylov\u00e1 malba po\u0161tovn\u00e9 a baln\u00e9 v cen\u011b (\u010cR) vr\u00e1cen\u00ed d\u00edla v 14 denn\u00ed lh\u016ft\u011b d\u00edlo si m\u016f\u017eete p\u0159ed koup\u00ed osobn\u011b prohl\u00e9dnout","og_url":"https:\/\/www.marcelakozak.art\/index.php\/produkt\/bohemian-country\/","og_site_name":"Marcela Kozak Art","article_modified_time":"2024-08-30T14:01:59+00:00","og_image":[{"width":1914,"height":1013,"url":"https:\/\/www.marcelakozak.art\/wp-content\/uploads\/2024\/01\/obrazy_marcela_kozakova_art_cz-2.jpeg","type":"image\/jpeg"}],"twitter_card":"summary_large_image","twitter_misc":{"Odhadovan\u00e1 doba \u010dten\u00ed":"1 minuta"},"schema":{"@context":"https:\/\/schema.org","@graph":[{"@type":"WebPage","@id":"https:\/\/www.marcelakozak.art\/index.php\/produkt\/bohemian-country\/","url":"https:\/\/www.marcelakozak.art\/index.php\/produkt\/bohemian-country\/","name":"PROD\u00c1NO - Boh\u00e9msk\u00fd venkov, Bohemian Country - Marcela Kozak Art","isPartOf":{"@id":"https:\/\/www.marcelakozak.art\/#website"},"datePublished":"2024-01-07T17:55:21+00:00","dateModified":"2024-08-30T14:01:59+00:00","breadcrumb":{"@id":"https:\/\/www.marcelakozak.art\/index.php\/produkt\/bohemian-country\/#breadcrumb"},"inLanguage":"cs","potentialAction":[{"@type":"ReadAction","target":["https:\/\/www.marcelakozak.art\/index.php\/produkt\/bohemian-country\/"]}]},{"@type":"BreadcrumbList","@id":"https:\/\/www.marcelakozak.art\/index.php\/produkt\/bohemian-country\/#breadcrumb","itemListElement":[{"@type":"ListItem","position":1,"name":"Dom\u016f","item":"https:\/\/www.marcelakozak.art\/"},{"@type":"ListItem","position":2,"name":"Obchod","item":"https:\/\/www.marcelakozak.art\/index.php\/obchod\/"},{"@type":"ListItem","position":3,"name":"PROD\u00c1NO &#8211; Boh\u00e9msk\u00fd venkov, Bohemian Country"}]},{"@type":"WebSite","@id":"https:\/\/www.marcelakozak.art\/#website","url":"https:\/\/www.marcelakozak.art\/","name":"Marcela Kozak Art","description":"origin\u00e1ln\u00ed obrazy","potentialAction":[{"@type":"SearchAction","target":{"@type":"EntryPoint","urlTemplate":"https:\/\/www.marcelakozak.art\/?s={search_term_string}"},"query-input":"required name=search_term_string"}],"inLanguage":"cs"}]}},"_links":{"self":[{"href":"https:\/\/www.marcelakozak.art\/index.php\/wp-json\/wp\/v2\/product\/1366"}],"collection":[{"href":"https:\/\/www.marcelakozak.art\/index.php\/wp-json\/wp\/v2\/product"}],"about":[{"href":"https:\/\/www.marcelakozak.art\/index.php\/wp-json\/wp\/v2\/types\/product"}],"wp:featuredmedia":[{"embeddable":true,"href":"https:\/\/www.marcelakozak.art\/index.php\/wp-json\/wp\/v2\/media\/1364"}],"wp:attachment":[{"href":"https:\/\/www.marcelakozak.art\/index.php\/wp-json\/wp\/v2\/media?parent=1366"}],"wp:term":[{"taxonomy":"product_cat","embeddable":true,"href":"https:\/\/www.marcelakozak.art\/index.php\/wp-json\/wp\/v2\/product_cat?post=1366"},{"taxonomy":"product_tag","embeddable":true,"href":"https:\/\/www.marcelakozak.art\/index.php\/wp-json\/wp\/v2\/product_tag?post=1366"}],"curies":[{"name":"wp","href":"https:\/\/api.w.org\/{rel}","templated":true}]}}