{"id":1465,"date":"2025-07-13T09:33:26","date_gmt":"2025-07-13T09:33:26","guid":{"rendered":"https:\/\/www.marcelakozak.art\/?post_type=product&#038;p=1465"},"modified":"2026-02-02T19:33:06","modified_gmt":"2026-02-02T19:33:06","slug":"kvet-boure-blossom-of-the-storm","status":"publish","type":"product","link":"https:\/\/www.marcelakozak.art\/index.php\/produkt\/kvet-boure-blossom-of-the-storm\/","title":{"rendered":"Kv\u011bt bou\u0159e, Blossom of the Storm"},"content":{"rendered":"","protected":false},"excerpt":{"rendered":"<p>Marcela Koz\u00e1kov\u00e1<br \/>\nvelikost 90 x 90 (\u0160 x V)<br \/>\ntechnika: akrylov\u00e1 malba<br \/>\npo\u0161tovn\u00e9 a baln\u00e9 v cen\u011b (\u010cR)<br \/>\nvr\u00e1cen\u00ed d\u00edla v 14 denn\u00ed lh\u016ft\u011b<br \/>\nd\u00edlo si m\u016f\u017eete p\u0159ed koup\u00ed osobn\u011b prohl\u00e9dnout<br \/>\nr\u00e1m je ilustrativn\u00ed &#8211; obraz lze nechat zak\u00e1zkov\u011b zar\u00e1movat<\/p>\n","protected":false},"featured_media":1476,"template":"","meta":[],"product_cat":[20,57,26,52,43,42,27,45,48],"product_tag":[],"yoast_head":"<!-- This site is optimized with the Yoast SEO plugin v21.8 - https:\/\/yoast.com\/wordpress\/plugins\/seo\/ -->\n<title>Kv\u011bt bou\u0159e, Blossom of the Storm - Marcela Kozak Art<\/title>\n<meta name=\"robots\" content=\"index, follow, max-snippet:-1, max-image-preview:large, max-video-preview:-1\" \/>\n<link rel=\"canonical\" href=\"https:\/\/www.marcelakozak.art\/index.php\/produkt\/kvet-boure-blossom-of-the-storm\/\" \/>\n<meta property=\"og:locale\" content=\"cs_CZ\" \/>\n<meta property=\"og:type\" content=\"article\" \/>\n<meta property=\"og:title\" content=\"Kv\u011bt bou\u0159e, Blossom of the Storm - Marcela Kozak Art\" \/>\n<meta property=\"og:description\" content=\"Marcela Koz\u00e1kov\u00e1 velikost 90 x 90 (\u0160 x V) technika: akrylov\u00e1 malba po\u0161tovn\u00e9 a baln\u00e9 v cen\u011b (\u010cR) vr\u00e1cen\u00ed d\u00edla v 14 denn\u00ed lh\u016ft\u011b d\u00edlo si m\u016f\u017eete p\u0159ed koup\u00ed osobn\u011b prohl\u00e9dnout r\u00e1m je ilustrativn\u00ed - obraz lze nechat zak\u00e1zkov\u011b zar\u00e1movat\" \/>\n<meta property=\"og:url\" content=\"https:\/\/www.marcelakozak.art\/index.php\/produkt\/kvet-boure-blossom-of-the-storm\/\" \/>\n<meta property=\"og:site_name\" content=\"Marcela Kozak Art\" \/>\n<meta property=\"article:modified_time\" content=\"2026-02-02T19:33:06+00:00\" \/>\n<meta property=\"og:image\" content=\"https:\/\/www.marcelakozak.art\/wp-content\/uploads\/2025\/07\/IMG_0458.jpeg\" \/>\n\t<meta property=\"og:image:width\" content=\"2317\" \/>\n\t<meta property=\"og:image:height\" content=\"2319\" \/>\n\t<meta property=\"og:image:type\" content=\"image\/jpeg\" \/>\n<meta name=\"twitter:card\" content=\"summary_large_image\" \/>\n<meta name=\"twitter:label1\" content=\"Odhadovan\u00e1 doba \u010dten\u00ed\" \/>\n\t<meta name=\"twitter:data1\" content=\"1 minuta\" \/>\n<script type=\"application\/ld+json\" class=\"yoast-schema-graph\">{\"@context\":\"https:\/\/schema.org\",\"@graph\":[{\"@type\":\"WebPage\",\"@id\":\"https:\/\/www.marcelakozak.art\/index.php\/produkt\/kvet-boure-blossom-of-the-storm\/\",\"url\":\"https:\/\/www.marcelakozak.art\/index.php\/produkt\/kvet-boure-blossom-of-the-storm\/\",\"name\":\"Kv\u011bt bou\u0159e, Blossom of the Storm - Marcela Kozak Art\",\"isPartOf\":{\"@id\":\"https:\/\/www.marcelakozak.art\/#website\"},\"datePublished\":\"2025-07-13T09:33:26+00:00\",\"dateModified\":\"2026-02-02T19:33:06+00:00\",\"breadcrumb\":{\"@id\":\"https:\/\/www.marcelakozak.art\/index.php\/produkt\/kvet-boure-blossom-of-the-storm\/#breadcrumb\"},\"inLanguage\":\"cs\",\"potentialAction\":[{\"@type\":\"ReadAction\",\"target\":[\"https:\/\/www.marcelakozak.art\/index.php\/produkt\/kvet-boure-blossom-of-the-storm\/\"]}]},{\"@type\":\"BreadcrumbList\",\"@id\":\"https:\/\/www.marcelakozak.art\/index.php\/produkt\/kvet-boure-blossom-of-the-storm\/#breadcrumb\",\"itemListElement\":[{\"@type\":\"ListItem\",\"position\":1,\"name\":\"Dom\u016f\",\"item\":\"https:\/\/www.marcelakozak.art\/\"},{\"@type\":\"ListItem\",\"position\":2,\"name\":\"Obchod\",\"item\":\"https:\/\/www.marcelakozak.art\/index.php\/obchod\/\"},{\"@type\":\"ListItem\",\"position\":3,\"name\":\"Kv\u011bt bou\u0159e, Blossom of the Storm\"}]},{\"@type\":\"WebSite\",\"@id\":\"https:\/\/www.marcelakozak.art\/#website\",\"url\":\"https:\/\/www.marcelakozak.art\/\",\"name\":\"Marcela Kozak Art\",\"description\":\"origin\u00e1ln\u00ed obrazy\",\"potentialAction\":[{\"@type\":\"SearchAction\",\"target\":{\"@type\":\"EntryPoint\",\"urlTemplate\":\"https:\/\/www.marcelakozak.art\/?s={search_term_string}\"},\"query-input\":\"required name=search_term_string\"}],\"inLanguage\":\"cs\"}]}<\/script>\n<!-- \/ Yoast SEO plugin. -->","yoast_head_json":{"title":"Kv\u011bt bou\u0159e, Blossom of the Storm - Marcela Kozak Art","robots":{"index":"index","follow":"follow","max-snippet":"max-snippet:-1","max-image-preview":"max-image-preview:large","max-video-preview":"max-video-preview:-1"},"canonical":"https:\/\/www.marcelakozak.art\/index.php\/produkt\/kvet-boure-blossom-of-the-storm\/","og_locale":"cs_CZ","og_type":"article","og_title":"Kv\u011bt bou\u0159e, Blossom of the Storm - Marcela Kozak Art","og_description":"Marcela Koz\u00e1kov\u00e1 velikost 90 x 90 (\u0160 x V) technika: akrylov\u00e1 malba po\u0161tovn\u00e9 a baln\u00e9 v cen\u011b (\u010cR) vr\u00e1cen\u00ed d\u00edla v 14 denn\u00ed lh\u016ft\u011b d\u00edlo si m\u016f\u017eete p\u0159ed koup\u00ed osobn\u011b prohl\u00e9dnout r\u00e1m je ilustrativn\u00ed - obraz lze nechat zak\u00e1zkov\u011b zar\u00e1movat","og_url":"https:\/\/www.marcelakozak.art\/index.php\/produkt\/kvet-boure-blossom-of-the-storm\/","og_site_name":"Marcela Kozak Art","article_modified_time":"2026-02-02T19:33:06+00:00","og_image":[{"width":2317,"height":2319,"url":"https:\/\/www.marcelakozak.art\/wp-content\/uploads\/2025\/07\/IMG_0458.jpeg","type":"image\/jpeg"}],"twitter_card":"summary_large_image","twitter_misc":{"Odhadovan\u00e1 doba \u010dten\u00ed":"1 minuta"},"schema":{"@context":"https:\/\/schema.org","@graph":[{"@type":"WebPage","@id":"https:\/\/www.marcelakozak.art\/index.php\/produkt\/kvet-boure-blossom-of-the-storm\/","url":"https:\/\/www.marcelakozak.art\/index.php\/produkt\/kvet-boure-blossom-of-the-storm\/","name":"Kv\u011bt bou\u0159e, Blossom of the Storm - Marcela Kozak Art","isPartOf":{"@id":"https:\/\/www.marcelakozak.art\/#website"},"datePublished":"2025-07-13T09:33:26+00:00","dateModified":"2026-02-02T19:33:06+00:00","breadcrumb":{"@id":"https:\/\/www.marcelakozak.art\/index.php\/produkt\/kvet-boure-blossom-of-the-storm\/#breadcrumb"},"inLanguage":"cs","potentialAction":[{"@type":"ReadAction","target":["https:\/\/www.marcelakozak.art\/index.php\/produkt\/kvet-boure-blossom-of-the-storm\/"]}]},{"@type":"BreadcrumbList","@id":"https:\/\/www.marcelakozak.art\/index.php\/produkt\/kvet-boure-blossom-of-the-storm\/#breadcrumb","itemListElement":[{"@type":"ListItem","position":1,"name":"Dom\u016f","item":"https:\/\/www.marcelakozak.art\/"},{"@type":"ListItem","position":2,"name":"Obchod","item":"https:\/\/www.marcelakozak.art\/index.php\/obchod\/"},{"@type":"ListItem","position":3,"name":"Kv\u011bt bou\u0159e, Blossom of the Storm"}]},{"@type":"WebSite","@id":"https:\/\/www.marcelakozak.art\/#website","url":"https:\/\/www.marcelakozak.art\/","name":"Marcela Kozak Art","description":"origin\u00e1ln\u00ed obrazy","potentialAction":[{"@type":"SearchAction","target":{"@type":"EntryPoint","urlTemplate":"https:\/\/www.marcelakozak.art\/?s={search_term_string}"},"query-input":"required name=search_term_string"}],"inLanguage":"cs"}]}},"_links":{"self":[{"href":"https:\/\/www.marcelakozak.art\/index.php\/wp-json\/wp\/v2\/product\/1465"}],"collection":[{"href":"https:\/\/www.marcelakozak.art\/index.php\/wp-json\/wp\/v2\/product"}],"about":[{"href":"https:\/\/www.marcelakozak.art\/index.php\/wp-json\/wp\/v2\/types\/product"}],"wp:featuredmedia":[{"embeddable":true,"href":"https:\/\/www.marcelakozak.art\/index.php\/wp-json\/wp\/v2\/media\/1476"}],"wp:attachment":[{"href":"https:\/\/www.marcelakozak.art\/index.php\/wp-json\/wp\/v2\/media?parent=1465"}],"wp:term":[{"taxonomy":"product_cat","embeddable":true,"href":"https:\/\/www.marcelakozak.art\/index.php\/wp-json\/wp\/v2\/product_cat?post=1465"},{"taxonomy":"product_tag","embeddable":true,"href":"https:\/\/www.marcelakozak.art\/index.php\/wp-json\/wp\/v2\/product_tag?post=1465"}],"curies":[{"name":"wp","href":"https:\/\/api.w.org\/{rel}","templated":true}]}}